{"id":17,"date":"2017-10-31T15:47:30","date_gmt":"2017-10-31T13:47:30","guid":{"rendered":"http:\/\/ithinkweareinminsk.net\/icx\/potilaille\/?page_id=17"},"modified":"2018-10-15T15:50:55","modified_gmt":"2018-10-15T12:50:55","slug":"virtuaalinen-implantointisuunnitelma","status":"publish","type":"page","link":"https:\/\/www.icx.fi\/potilaille\/virtuaalinen-implantointisuunnitelma\/","title":{"rendered":"Virtuaalinen implantointisuunnitelma"},"content":{"rendered":"<p>Nykyaikaista tekniikkaa k\u00e4ytt\u00e4en voidaan luoda virtuaalinen implantointisuunnitelma, jonka pohjalta valmistetaan yksil\u00f6llinen porauskisko k\u00e4ytett\u00e4v\u00e4ksi sapluunana implantoinnissa. Porauskisko luodaan 3D-r\u00f6ntgenkuvia hy\u00f6dyksi k\u00e4ytt\u00e4en ja sen avulla implantit saadaan haluttuun kohtaan ja syvyyteen ihanteellisessa kulmassa turvallisesti, vaarantamatta hermoja tai ilman poskiontelon pohjan l\u00e4vist\u00e4misriski\u00e4. N\u00e4in ollen saadaan my\u00f6s maksimoitua implantoinnin onnistumisen todenn\u00e4k\u00f6isyys sek\u00e4 mahdollistetaan tietyiss\u00e4 tapauksissa v\u00e4liaikaisen siltarakenteen asennus heti implantoinnin yhteydess\u00e4.<\/p>\n","protected":false},"excerpt":{"rendered":"<p>Nykyaikaista tekniikkaa k\u00e4ytt\u00e4en voidaan luoda virtuaalinen implantointisuunnitelma, jonka pohjalta valmistetaan yksil\u00f6llinen porauskisko k\u00e4ytett\u00e4v\u00e4ksi sapluunana implantoinnissa. Porauskisko luodaan 3D-r\u00f6ntgenkuvia hy\u00f6dyksi k\u00e4ytt\u00e4en ja sen avulla implantit saadaan haluttuun kohtaan ja syvyyteen ihanteellisessa kulmassa turvallisesti, vaarantamatta hermoja tai ilman poskiontelon pohjan l\u00e4vist\u00e4misriski\u00e4. N\u00e4in ollen saadaan my\u00f6s maksimoitua implantoinnin onnistumisen todenn\u00e4k\u00f6isyys sek\u00e4 mahdollistetaan tietyiss\u00e4 tapauksissa v\u00e4liaikaisen siltarakenteen asennus heti [&hellip;]<\/p>\n","protected":false},"author":1,"featured_media":0,"parent":0,"menu_order":2,"comment_status":"closed","ping_status":"closed","template":"templates\/page-sidebar-left.php","meta":{"_acf_changed":false,"footnotes":""},"class_list":["post-17","page","type-page","status-publish","hentry"],"acf":[],"_links":{"self":[{"href":"https:\/\/www.icx.fi\/potilaille\/wp-json\/wp\/v2\/pages\/17","targetHints":{"allow":["GET"]}}],"collection":[{"href":"https:\/\/www.icx.fi\/potilaille\/wp-json\/wp\/v2\/pages"}],"about":[{"href":"https:\/\/www.icx.fi\/potilaille\/wp-json\/wp\/v2\/types\/page"}],"author":[{"embeddable":true,"href":"https:\/\/www.icx.fi\/potilaille\/wp-json\/wp\/v2\/users\/1"}],"replies":[{"embeddable":true,"href":"https:\/\/www.icx.fi\/potilaille\/wp-json\/wp\/v2\/comments?post=17"}],"version-history":[{"count":1,"href":"https:\/\/www.icx.fi\/potilaille\/wp-json\/wp\/v2\/pages\/17\/revisions"}],"predecessor-version":[{"id":92,"href":"https:\/\/www.icx.fi\/potilaille\/wp-json\/wp\/v2\/pages\/17\/revisions\/92"}],"wp:attachment":[{"href":"https:\/\/www.icx.fi\/potilaille\/wp-json\/wp\/v2\/media?parent=17"}],"curies":[{"name":"wp","href":"https:\/\/api.w.org\/{rel}","templated":true}]}}