{"id":19,"date":"2017-10-31T15:48:05","date_gmt":"2017-10-31T13:48:05","guid":{"rendered":"http:\/\/ithinkweareinminsk.net\/icx\/potilaille\/?page_id=19"},"modified":"2022-02-09T12:23:25","modified_gmt":"2022-02-09T10:23:25","slug":"tarkkuutta-ja-varmuutta","status":"publish","type":"page","link":"https:\/\/www.icx.fi\/potilaille\/virtuaalinen-implantointisuunnitelma\/tarkkuutta-ja-varmuutta\/","title":{"rendered":"Tarkkuutta ja varmuutta"},"content":{"rendered":"<p>Implantointi porauskiskoa k\u00e4ytt\u00e4en mahdollistaa eritt\u00e4in tarkan implantin asettelun parhaaseen mahdolliseen kohtaan leukaluussa huomioiden my\u00f6s tulevan lopullisen rakenteen suunnittelun kannalta ihanteellisen suuntauksen. Suunnitteluvaiheessa otetaan huomioon leukaluun harjanteen paksuus ja korkeus, joiden mukaan valitaan oikean kokoinen hammasimplantti. Luun tiheytt\u00e4 tutkimalla saadaan selville mahdolliset ongelmakohdat, kuten esimerkiksi luun liiallinen huokoisuus tai sen kokonaisvaltainen puuttuminen tietyilt\u00e4 alueilta. N\u00e4in ollen v\u00e4ltyt\u00e4\u00e4n hammasimplanttien suunnittelulta kyseisille kohdille leukaluussa ja saadaan selville my\u00f6s luun kasvatus- tai siirretarve.<\/p>\n","protected":false},"excerpt":{"rendered":"<p>Implantointi porauskiskoa k\u00e4ytt\u00e4en mahdollistaa eritt\u00e4in tarkan implantin asettelun parhaaseen mahdolliseen kohtaan leukaluussa huomioiden my\u00f6s tulevan lopullisen rakenteen suunnittelun kannalta ihanteellisen suuntauksen. Suunnitteluvaiheessa otetaan huomioon leukaluun harjanteen paksuus ja korkeus, joiden mukaan valitaan oikean kokoinen hammasimplantti. Luun tiheytt\u00e4 tutkimalla saadaan selville mahdolliset ongelmakohdat, kuten esimerkiksi luun liiallinen huokoisuus tai sen kokonaisvaltainen puuttuminen tietyilt\u00e4 alueilta. N\u00e4in ollen [&hellip;]<\/p>\n","protected":false},"author":1,"featured_media":0,"parent":17,"menu_order":1,"comment_status":"closed","ping_status":"closed","template":"templates\/page-sidebar-left.php","meta":{"_acf_changed":false,"footnotes":""},"class_list":["post-19","page","type-page","status-publish","hentry"],"acf":[],"_links":{"self":[{"href":"https:\/\/www.icx.fi\/potilaille\/wp-json\/wp\/v2\/pages\/19","targetHints":{"allow":["GET"]}}],"collection":[{"href":"https:\/\/www.icx.fi\/potilaille\/wp-json\/wp\/v2\/pages"}],"about":[{"href":"https:\/\/www.icx.fi\/potilaille\/wp-json\/wp\/v2\/types\/page"}],"author":[{"embeddable":true,"href":"https:\/\/www.icx.fi\/potilaille\/wp-json\/wp\/v2\/users\/1"}],"replies":[{"embeddable":true,"href":"https:\/\/www.icx.fi\/potilaille\/wp-json\/wp\/v2\/comments?post=19"}],"version-history":[{"count":1,"href":"https:\/\/www.icx.fi\/potilaille\/wp-json\/wp\/v2\/pages\/19\/revisions"}],"predecessor-version":[{"id":150,"href":"https:\/\/www.icx.fi\/potilaille\/wp-json\/wp\/v2\/pages\/19\/revisions\/150"}],"up":[{"embeddable":true,"href":"https:\/\/www.icx.fi\/potilaille\/wp-json\/wp\/v2\/pages\/17"}],"wp:attachment":[{"href":"https:\/\/www.icx.fi\/potilaille\/wp-json\/wp\/v2\/media?parent=19"}],"curies":[{"name":"wp","href":"https:\/\/api.w.org\/{rel}","templated":true}]}}