{"id":21,"date":"2017-10-31T15:52:01","date_gmt":"2017-10-31T13:52:01","guid":{"rendered":"http:\/\/ithinkweareinminsk.net\/icx\/potilaille\/?page_id=21"},"modified":"2022-02-09T12:23:40","modified_gmt":"2022-02-09T10:23:40","slug":"nopea-paraneminen","status":"publish","type":"page","link":"https:\/\/www.icx.fi\/potilaille\/virtuaalinen-implantointisuunnitelma\/nopea-paraneminen\/","title":{"rendered":"Nopea paraneminen"},"content":{"rendered":"<p>Porauskiskoa k\u00e4ytett\u00e4ess\u00e4 ei ient\u00e4 tarvitse leikata auki kuten perinteisesti implantoidessa. Ikeneen tehd\u00e4\u00e4n ainoastaan implantin ment\u00e4v\u00e4 reik\u00e4, eik\u00e4 limakalvoa vahingoiteta aiheuttaen ylim\u00e4\u00e4r\u00e4ist\u00e4 traumaa. T\u00e4ll\u00e4 tavoin saadaan minimoitua sek\u00e4 limakalvon paranemisaika, ett\u00e4 toimenpiteest\u00e4 aiheutuvat j\u00e4lkikivut. Useimmissa tapauksissa v\u00e4ltyt\u00e4\u00e4n my\u00f6s ompeleiden k\u00e4yt\u00f6lt\u00e4, eik\u00e4 n\u00e4in ollen tarvitse varata erillist\u00e4 aikaa tikkienpoistoon.<\/p>\n","protected":false},"excerpt":{"rendered":"<p>Porauskiskoa k\u00e4ytett\u00e4ess\u00e4 ei ient\u00e4 tarvitse leikata auki kuten perinteisesti implantoidessa. Ikeneen tehd\u00e4\u00e4n ainoastaan implantin ment\u00e4v\u00e4 reik\u00e4, eik\u00e4 limakalvoa vahingoiteta aiheuttaen ylim\u00e4\u00e4r\u00e4ist\u00e4 traumaa. T\u00e4ll\u00e4 tavoin saadaan minimoitua sek\u00e4 limakalvon paranemisaika, ett\u00e4 toimenpiteest\u00e4 aiheutuvat j\u00e4lkikivut. Useimmissa tapauksissa v\u00e4ltyt\u00e4\u00e4n my\u00f6s ompeleiden k\u00e4yt\u00f6lt\u00e4, eik\u00e4 n\u00e4in ollen tarvitse varata erillist\u00e4 aikaa tikkienpoistoon.<\/p>\n","protected":false},"author":1,"featured_media":0,"parent":17,"menu_order":2,"comment_status":"closed","ping_status":"closed","template":"templates\/page-sidebar-left.php","meta":{"_acf_changed":false,"footnotes":""},"class_list":["post-21","page","type-page","status-publish","hentry"],"acf":[],"_links":{"self":[{"href":"https:\/\/www.icx.fi\/potilaille\/wp-json\/wp\/v2\/pages\/21","targetHints":{"allow":["GET"]}}],"collection":[{"href":"https:\/\/www.icx.fi\/potilaille\/wp-json\/wp\/v2\/pages"}],"about":[{"href":"https:\/\/www.icx.fi\/potilaille\/wp-json\/wp\/v2\/types\/page"}],"author":[{"embeddable":true,"href":"https:\/\/www.icx.fi\/potilaille\/wp-json\/wp\/v2\/users\/1"}],"replies":[{"embeddable":true,"href":"https:\/\/www.icx.fi\/potilaille\/wp-json\/wp\/v2\/comments?post=21"}],"version-history":[{"count":1,"href":"https:\/\/www.icx.fi\/potilaille\/wp-json\/wp\/v2\/pages\/21\/revisions"}],"predecessor-version":[{"id":151,"href":"https:\/\/www.icx.fi\/potilaille\/wp-json\/wp\/v2\/pages\/21\/revisions\/151"}],"up":[{"embeddable":true,"href":"https:\/\/www.icx.fi\/potilaille\/wp-json\/wp\/v2\/pages\/17"}],"wp:attachment":[{"href":"https:\/\/www.icx.fi\/potilaille\/wp-json\/wp\/v2\/media?parent=21"}],"curies":[{"name":"wp","href":"https:\/\/api.w.org\/{rel}","templated":true}]}}