{"id":23,"date":"2017-10-31T15:54:23","date_gmt":"2017-10-31T13:54:23","guid":{"rendered":"http:\/\/ithinkweareinminsk.net\/icx\/potilaille\/?page_id=23"},"modified":"2022-02-09T12:23:52","modified_gmt":"2022-02-09T10:23:52","slug":"kerralla-eroon-irtoproteesista","status":"publish","type":"page","link":"https:\/\/www.icx.fi\/potilaille\/virtuaalinen-implantointisuunnitelma\/kerralla-eroon-irtoproteesista\/","title":{"rendered":"Kerralla eroon irtoproteesista"},"content":{"rendered":"<p>Useampia implantteja asennettaessa ja luun ollessa m\u00e4\u00e4r\u00e4lt\u00e4\u00e4n ja tiheydelt\u00e4\u00e4n riitt\u00e4v\u00e4\u00e4 voidaan heti implantoinnin yhteydess\u00e4 asentaa v\u00e4liaikainen rakenne hammasimplanttien varaan. V\u00e4liaikainen rakenne valmisetetaan yleisesti oman proteesin pohjalta mik\u00e4li sellainen on olemassa tai vaihtoehtoisesti hammasteknikon tekem\u00e4\u00e4 asettelusuunnitelmaa avuksi k\u00e4ytt\u00e4en. V\u00e4liakaista rakennetta pidet\u00e4\u00e4n implanttien paranemisaika, jonka j\u00e4lkeen se korvataan lopullisella rakenteella.<\/p>\n","protected":false},"excerpt":{"rendered":"<p>Useampia implantteja asennettaessa ja luun ollessa m\u00e4\u00e4r\u00e4lt\u00e4\u00e4n ja tiheydelt\u00e4\u00e4n riitt\u00e4v\u00e4\u00e4 voidaan heti implantoinnin yhteydess\u00e4 asentaa v\u00e4liaikainen rakenne hammasimplanttien varaan. V\u00e4liaikainen rakenne valmisetetaan yleisesti oman proteesin pohjalta mik\u00e4li sellainen on olemassa tai vaihtoehtoisesti hammasteknikon tekem\u00e4\u00e4 asettelusuunnitelmaa avuksi k\u00e4ytt\u00e4en. V\u00e4liakaista rakennetta pidet\u00e4\u00e4n implanttien paranemisaika, jonka j\u00e4lkeen se korvataan lopullisella rakenteella.<\/p>\n","protected":false},"author":1,"featured_media":0,"parent":17,"menu_order":3,"comment_status":"closed","ping_status":"closed","template":"templates\/page-sidebar-left.php","meta":{"_acf_changed":false,"footnotes":""},"class_list":["post-23","page","type-page","status-publish","hentry"],"acf":[],"_links":{"self":[{"href":"https:\/\/www.icx.fi\/potilaille\/wp-json\/wp\/v2\/pages\/23","targetHints":{"allow":["GET"]}}],"collection":[{"href":"https:\/\/www.icx.fi\/potilaille\/wp-json\/wp\/v2\/pages"}],"about":[{"href":"https:\/\/www.icx.fi\/potilaille\/wp-json\/wp\/v2\/types\/page"}],"author":[{"embeddable":true,"href":"https:\/\/www.icx.fi\/potilaille\/wp-json\/wp\/v2\/users\/1"}],"replies":[{"embeddable":true,"href":"https:\/\/www.icx.fi\/potilaille\/wp-json\/wp\/v2\/comments?post=23"}],"version-history":[{"count":1,"href":"https:\/\/www.icx.fi\/potilaille\/wp-json\/wp\/v2\/pages\/23\/revisions"}],"predecessor-version":[{"id":152,"href":"https:\/\/www.icx.fi\/potilaille\/wp-json\/wp\/v2\/pages\/23\/revisions\/152"}],"up":[{"embeddable":true,"href":"https:\/\/www.icx.fi\/potilaille\/wp-json\/wp\/v2\/pages\/17"}],"wp:attachment":[{"href":"https:\/\/www.icx.fi\/potilaille\/wp-json\/wp\/v2\/media?parent=23"}],"curies":[{"name":"wp","href":"https:\/\/api.w.org\/{rel}","templated":true}]}}