{"id":2373,"date":"2023-01-23T22:30:30","date_gmt":"2023-01-23T20:30:30","guid":{"rendered":"https:\/\/www.icx.fi\/shop\/?post_type=product&#038;p=2373"},"modified":"2024-12-19T14:17:18","modified_gmt":"2024-12-19T12:17:18","slug":"safescraper-twist-luunkeraaja-taivutettu-3-kpl","status":"publish","type":"product","link":"https:\/\/www.icx.fi\/shop\/tuote\/safescraper-twist-luunkeraaja-taivutettu-3-kpl\/","title":{"rendered":"SAFESCRAPER\u00ae TWIST -luunker\u00e4\u00e4j\u00e4, taivutettu, 3 kpl"},"content":{"rendered":"","protected":false},"excerpt":{"rendered":"","protected":false},"featured_media":2491,"template":"","meta":{"_acf_changed":false},"product_brand":[],"product_cat":[161],"product_tag":[],"class_list":{"0":"post-2373","1":"product","2":"type-product","3":"status-publish","4":"has-post-thumbnail","6":"product_cat-keinoluut-luunkeraajat-luunhalkaisu","8":"first","9":"instock","10":"shipping-taxable","11":"purchasable","12":"product-type-simple"},"acf":[],"_links":{"self":[{"href":"https:\/\/www.icx.fi\/shop\/wp-json\/wp\/v2\/product\/2373","targetHints":{"allow":["GET"]}}],"collection":[{"href":"https:\/\/www.icx.fi\/shop\/wp-json\/wp\/v2\/product"}],"about":[{"href":"https:\/\/www.icx.fi\/shop\/wp-json\/wp\/v2\/types\/product"}],"wp:featuredmedia":[{"embeddable":true,"href":"https:\/\/www.icx.fi\/shop\/wp-json\/wp\/v2\/media\/2491"}],"wp:attachment":[{"href":"https:\/\/www.icx.fi\/shop\/wp-json\/wp\/v2\/media?parent=2373"}],"wp:term":[{"taxonomy":"product_brand","embeddable":true,"href":"https:\/\/www.icx.fi\/shop\/wp-json\/wp\/v2\/product_brand?post=2373"},{"taxonomy":"product_cat","embeddable":true,"href":"https:\/\/www.icx.fi\/shop\/wp-json\/wp\/v2\/product_cat?post=2373"},{"taxonomy":"product_tag","embeddable":true,"href":"https:\/\/www.icx.fi\/shop\/wp-json\/wp\/v2\/product_tag?post=2373"}],"curies":[{"name":"wp","href":"https:\/\/api.w.org\/{rel}","templated":true}]}}