{"id":2499,"date":"2023-01-25T13:35:18","date_gmt":"2023-01-25T11:35:18","guid":{"rendered":"https:\/\/www.icx.fi\/shop\/?post_type=product&#038;p=2499"},"modified":"2024-02-27T01:00:20","modified_gmt":"2024-02-26T23:00:20","slug":"icx-implanttivieja-ruuviliitannalla-l29mm","status":"publish","type":"product","link":"https:\/\/www.icx.fi\/shop\/tuote\/icx-implanttivieja-ruuviliitannalla-l29mm\/","title":{"rendered":"ICX implanttiviej\u00e4, ruuviliit\u00e4nn\u00e4ll\u00e4, L29mm"},"content":{"rendered":"","protected":false},"excerpt":{"rendered":"","protected":false},"featured_media":2497,"template":"","meta":{"_acf_changed":false},"product_brand":[],"product_cat":[92],"product_tag":[],"class_list":{"0":"post-2499","1":"product","2":"type-product","3":"status-publish","4":"has-post-thumbnail","6":"product_cat-implanttiviejat","8":"first","9":"onbackorder","10":"shipping-taxable","11":"purchasable","12":"product-type-simple"},"acf":[],"_links":{"self":[{"href":"https:\/\/www.icx.fi\/shop\/wp-json\/wp\/v2\/product\/2499","targetHints":{"allow":["GET"]}}],"collection":[{"href":"https:\/\/www.icx.fi\/shop\/wp-json\/wp\/v2\/product"}],"about":[{"href":"https:\/\/www.icx.fi\/shop\/wp-json\/wp\/v2\/types\/product"}],"wp:featuredmedia":[{"embeddable":true,"href":"https:\/\/www.icx.fi\/shop\/wp-json\/wp\/v2\/media\/2497"}],"wp:attachment":[{"href":"https:\/\/www.icx.fi\/shop\/wp-json\/wp\/v2\/media?parent=2499"}],"wp:term":[{"taxonomy":"product_brand","embeddable":true,"href":"https:\/\/www.icx.fi\/shop\/wp-json\/wp\/v2\/product_brand?post=2499"},{"taxonomy":"product_cat","embeddable":true,"href":"https:\/\/www.icx.fi\/shop\/wp-json\/wp\/v2\/product_cat?post=2499"},{"taxonomy":"product_tag","embeddable":true,"href":"https:\/\/www.icx.fi\/shop\/wp-json\/wp\/v2\/product_tag?post=2499"}],"curies":[{"name":"wp","href":"https:\/\/api.w.org\/{rel}","templated":true}]}}