{"id":2501,"date":"2023-01-25T13:35:21","date_gmt":"2023-01-25T11:35:21","guid":{"rendered":"https:\/\/www.icx.fi\/shop\/?post_type=product&#038;p=2501"},"modified":"2024-02-27T01:09:51","modified_gmt":"2024-02-26T23:09:51","slug":"icx-implanttiviejasetti-ruuviliitannalla-l29-40mm","status":"publish","type":"product","link":"https:\/\/www.icx.fi\/shop\/tuote\/icx-implanttiviejasetti-ruuviliitannalla-l29-40mm\/","title":{"rendered":"ICX implanttiviej\u00e4setti, ruuviliit\u00e4nn\u00e4ll\u00e4 L29\/40mm"},"content":{"rendered":"","protected":false},"excerpt":{"rendered":"","protected":false},"featured_media":2496,"template":"","meta":{"_acf_changed":false},"product_brand":[],"product_cat":[92],"product_tag":[],"class_list":{"0":"post-2501","1":"product","2":"type-product","3":"status-publish","4":"has-post-thumbnail","6":"product_cat-implanttiviejat","8":"first","9":"onbackorder","10":"shipping-taxable","11":"purchasable","12":"product-type-simple"},"acf":[],"_links":{"self":[{"href":"https:\/\/www.icx.fi\/shop\/wp-json\/wp\/v2\/product\/2501","targetHints":{"allow":["GET"]}}],"collection":[{"href":"https:\/\/www.icx.fi\/shop\/wp-json\/wp\/v2\/product"}],"about":[{"href":"https:\/\/www.icx.fi\/shop\/wp-json\/wp\/v2\/types\/product"}],"wp:featuredmedia":[{"embeddable":true,"href":"https:\/\/www.icx.fi\/shop\/wp-json\/wp\/v2\/media\/2496"}],"wp:attachment":[{"href":"https:\/\/www.icx.fi\/shop\/wp-json\/wp\/v2\/media?parent=2501"}],"wp:term":[{"taxonomy":"product_brand","embeddable":true,"href":"https:\/\/www.icx.fi\/shop\/wp-json\/wp\/v2\/product_brand?post=2501"},{"taxonomy":"product_cat","embeddable":true,"href":"https:\/\/www.icx.fi\/shop\/wp-json\/wp\/v2\/product_cat?post=2501"},{"taxonomy":"product_tag","embeddable":true,"href":"https:\/\/www.icx.fi\/shop\/wp-json\/wp\/v2\/product_tag?post=2501"}],"curies":[{"name":"wp","href":"https:\/\/api.w.org\/{rel}","templated":true}]}}