{"id":284,"date":"2018-06-25T10:28:38","date_gmt":"2018-06-25T07:28:38","guid":{"rendered":"https:\/\/www.icx.fi\/shop\/tuote\/icx%c2%96mini-massiv-abutment-o-29mm\/"},"modified":"2024-02-27T01:03:03","modified_gmt":"2024-02-26T23:03:03","slug":"icx%c2%96mini-massiv-abutment-o-29mm","status":"publish","type":"product","link":"https:\/\/www.icx.fi\/shop\/tuote\/icx%c2%96mini-massiv-abutment-o-29mm\/","title":{"rendered":"ICX-mini Massive Abutment, \u00d8 2,9mm"},"content":{"rendered":"<p>K\u00e4ytett\u00e4v\u00e4ksi vain 2.9mm ICX-mini implanttien kanssa!<\/p>\n","protected":false},"excerpt":{"rendered":"<p>K\u00e4ytett\u00e4v\u00e4ksi vain 2.9mm ICX-mini implanttien kanssa!<\/p>\n","protected":false},"featured_media":677,"template":"","meta":{"_acf_changed":false},"product_brand":[],"product_cat":[57],"product_tag":[],"class_list":{"0":"post-284","1":"product","2":"type-product","3":"status-publish","4":"has-post-thumbnail","6":"product_cat-palloabutmentit","8":"first","9":"instock","10":"shipping-taxable","11":"purchasable","12":"product-type-simple"},"acf":[],"_links":{"self":[{"href":"https:\/\/www.icx.fi\/shop\/wp-json\/wp\/v2\/product\/284","targetHints":{"allow":["GET"]}}],"collection":[{"href":"https:\/\/www.icx.fi\/shop\/wp-json\/wp\/v2\/product"}],"about":[{"href":"https:\/\/www.icx.fi\/shop\/wp-json\/wp\/v2\/types\/product"}],"wp:featuredmedia":[{"embeddable":true,"href":"https:\/\/www.icx.fi\/shop\/wp-json\/wp\/v2\/media\/677"}],"wp:attachment":[{"href":"https:\/\/www.icx.fi\/shop\/wp-json\/wp\/v2\/media?parent=284"}],"wp:term":[{"taxonomy":"product_brand","embeddable":true,"href":"https:\/\/www.icx.fi\/shop\/wp-json\/wp\/v2\/product_brand?post=284"},{"taxonomy":"product_cat","embeddable":true,"href":"https:\/\/www.icx.fi\/shop\/wp-json\/wp\/v2\/product_cat?post=284"},{"taxonomy":"product_tag","embeddable":true,"href":"https:\/\/www.icx.fi\/shop\/wp-json\/wp\/v2\/product_tag?post=284"}],"curies":[{"name":"wp","href":"https:\/\/api.w.org\/{rel}","templated":true}]}}