{"id":50,"date":"2018-06-25T10:08:31","date_gmt":"2018-06-25T07:08:31","guid":{"rendered":"https:\/\/www.icx.fi\/shop\/tuote\/raikka-saadettavalla-momentilla-10-45ncm\/"},"modified":"2024-10-21T15:31:05","modified_gmt":"2024-10-21T12:31:05","slug":"raikka-saadettavalla-momentilla-10-45ncm","status":"publish","type":"product","link":"https:\/\/www.icx.fi\/shop\/tuote\/raikka-saadettavalla-momentilla-10-45ncm\/","title":{"rendered":"R\u00e4ikk\u00e4 s\u00e4\u00e4dett\u00e4v\u00e4ll\u00e4 momentilla 10 &#8211; 45Ncm"},"content":{"rendered":"","protected":false},"excerpt":{"rendered":"","protected":false},"featured_media":2345,"template":"","meta":{"_acf_changed":false},"product_brand":[],"product_cat":[174,104],"product_tag":[],"class_list":{"0":"post-50","1":"product","2":"type-product","3":"status-publish","4":"has-post-thumbnail","6":"product_cat-icx-multi-tyokalut-icx-multi-abutmentit","7":"product_cat-muut-tyokalut","9":"first","10":"onbackorder","11":"shipping-taxable","12":"purchasable","13":"product-type-simple"},"acf":[],"_links":{"self":[{"href":"https:\/\/www.icx.fi\/shop\/wp-json\/wp\/v2\/product\/50","targetHints":{"allow":["GET"]}}],"collection":[{"href":"https:\/\/www.icx.fi\/shop\/wp-json\/wp\/v2\/product"}],"about":[{"href":"https:\/\/www.icx.fi\/shop\/wp-json\/wp\/v2\/types\/product"}],"wp:featuredmedia":[{"embeddable":true,"href":"https:\/\/www.icx.fi\/shop\/wp-json\/wp\/v2\/media\/2345"}],"wp:attachment":[{"href":"https:\/\/www.icx.fi\/shop\/wp-json\/wp\/v2\/media?parent=50"}],"wp:term":[{"taxonomy":"product_brand","embeddable":true,"href":"https:\/\/www.icx.fi\/shop\/wp-json\/wp\/v2\/product_brand?post=50"},{"taxonomy":"product_cat","embeddable":true,"href":"https:\/\/www.icx.fi\/shop\/wp-json\/wp\/v2\/product_cat?post=50"},{"taxonomy":"product_tag","embeddable":true,"href":"https:\/\/www.icx.fi\/shop\/wp-json\/wp\/v2\/product_tag?post=50"}],"curies":[{"name":"wp","href":"https:\/\/api.w.org\/{rel}","templated":true}]}}